{"id":2,"date":"2018-09-03T11:12:52","date_gmt":"2018-09-03T11:12:52","guid":{"rendered":"https:\/\/rafaelnogueira.net.br\/website-main\/?page_id=2"},"modified":"2025-02-19T01:59:00","modified_gmt":"2025-02-19T01:59:00","slug":"about","status":"publish","type":"page","link":"https:\/\/rafaelnogueira.net.br\/website-main\/about\/","title":{"rendered":"Sobre"},"content":{"rendered":"<p>Sou formado em Sistemas de Informa\u00e7\u00e3o, com p\u00f3s gradua\u00e7\u00e3o em Banco de Dados e em Big Data pela PUC Minas.<\/p>\n\n\n<p>Desde de 2011 atuo com desenvolvimento de sistemas, passando por v\u00e1rias empresas.<\/p>\n\n\n\n<p>Busco sempre me atualizar, lendo bastante e fazendo cursos. Por me interessar por economia, iniciei uma nova gradua\u00e7\u00e3o no curso de Ci\u00eancias Econ\u00f4micas.<\/p>\n\n\n\n<p>Este blog \u00e9 para escrever sobre tecnologia e economia, assuntos dos quais tenho forma\u00e7\u00e3o e me interesso. Com o objetivo de compartilhar o que estudo e aprendo, e me ajudar a organizar e registrar meu aprendizado.<\/p>\n\n\n\n<p>Meu perfil proficional est\u00e1 no LinkedIn: <a href=\"https:\/\/www.linkedin.com\/in\/rafael-nogueira-607a1345\/\">https:\/\/www.linkedin.com\/in\/rafael-nogueira-607a1345\/<\/a><\/p>\n\n\n\n<p>Acesse tamb\u00e9m meus outros canais de hobbie atrav\u00e9s dos links abaixo.<\/p>\n\n\n\n<p><a href=\"https:\/\/colecaodegames.com.br\">https:\/\/colecaodegames.com.br<\/a> : Blog sobre v\u00eddeo games<\/p>\n\n\n\n<p><a href=\"https:\/\/diariodoviageiro.com\">https:\/\/diariodoviageiro.com<\/a> : blog de viagem e fotografia.<\/p>\n\n\n\n<p><a href=\"https:\/\/linktree.rafaelnogueira.net.br\/\">Outros links<\/a><\/p>\n","protected":false},"excerpt":{"rendered":"<p>Sou formado em Sistemas de Informa\u00e7\u00e3o, com p\u00f3s gradua\u00e7\u00e3o em Banco de Dados e em Big Data pela PUC Minas. Desde de 2011 atuo com desenvolvimento de sistemas, passando por v\u00e1rias empresas. Busco sempre me atualizar, lendo bastante e fazendo cursos. Por me interessar por economia, iniciei uma nova gradua\u00e7\u00e3o no curso de Ci\u00eancias Econ\u00f4micas. [&hellip;]<\/p>\n","protected":false},"author":1,"featured_media":0,"parent":0,"menu_order":0,"comment_status":"closed","ping_status":"open","template":"","meta":{"site-sidebar-layout":"default","site-content-layout":"","ast-site-content-layout":"default","site-content-style":"default","site-sidebar-style":"default","ast-global-header-display":"","ast-banner-title-visibility":"","ast-main-header-display":"","ast-hfb-above-header-display":"","ast-hfb-below-header-display":"","ast-hfb-mobile-header-display":"","site-post-title":"","ast-breadcrumbs-content":"","ast-featured-img":"","footer-sml-layout":"","theme-transparent-header-meta":"","adv-header-id-meta":"","stick-header-meta":"","header-above-stick-meta":"","header-main-stick-meta":"","header-below-stick-meta":"","astra-migrate-meta-layouts":"set","ast-page-background-enabled":"default","ast-page-background-meta":{"desktop":{"background-color":"","background-image":"","background-repeat":"repeat","background-position":"center center","background-size":"auto","background-attachment":"scroll","background-type":"","background-media":"","overlay-type":"","overlay-color":"","overlay-opacity":"","overlay-gradient":""},"tablet":{"background-color":"","background-image":"","background-repeat":"repeat","background-position":"center center","background-size":"auto","background-attachment":"scroll","background-type":"","background-media":"","overlay-type":"","overlay-color":"","overlay-opacity":"","overlay-gradient":""},"mobile":{"background-color":"","background-image":"","background-repeat":"repeat","background-position":"center center","background-size":"auto","background-attachment":"scroll","background-type":"","background-media":"","overlay-type":"","overlay-color":"","overlay-opacity":"","overlay-gradient":""}},"ast-content-background-meta":{"desktop":{"background-color":"var(--ast-global-color-5)","background-image":"","background-repeat":"repeat","background-position":"center center","background-size":"auto","background-attachment":"scroll","background-type":"","background-media":"","overlay-type":"","overlay-color":"","overlay-opacity":"","overlay-gradient":""},"tablet":{"background-color":"var(--ast-global-color-5)","background-image":"","background-repeat":"repeat","background-position":"center center","background-size":"auto","background-attachment":"scroll","background-type":"","background-media":"","overlay-type":"","overlay-color":"","overlay-opacity":"","overlay-gradient":""},"mobile":{"background-color":"var(--ast-global-color-5)","background-image":"","background-repeat":"repeat","background-position":"center center","background-size":"auto","background-attachment":"scroll","background-type":"","background-media":"","overlay-type":"","overlay-color":"","overlay-opacity":"","overlay-gradient":""}},"footnotes":""},"class_list":["post-2","page","type-page","status-publish","hentry"],"_links":{"self":[{"href":"https:\/\/rafaelnogueira.net.br\/website-main\/wp-json\/wp\/v2\/pages\/2","targetHints":{"allow":["GET"]}}],"collection":[{"href":"https:\/\/rafaelnogueira.net.br\/website-main\/wp-json\/wp\/v2\/pages"}],"about":[{"href":"https:\/\/rafaelnogueira.net.br\/website-main\/wp-json\/wp\/v2\/types\/page"}],"author":[{"embeddable":true,"href":"https:\/\/rafaelnogueira.net.br\/website-main\/wp-json\/wp\/v2\/users\/1"}],"replies":[{"embeddable":true,"href":"https:\/\/rafaelnogueira.net.br\/website-main\/wp-json\/wp\/v2\/comments?post=2"}],"version-history":[{"count":11,"href":"https:\/\/rafaelnogueira.net.br\/website-main\/wp-json\/wp\/v2\/pages\/2\/revisions"}],"predecessor-version":[{"id":1807,"href":"https:\/\/rafaelnogueira.net.br\/website-main\/wp-json\/wp\/v2\/pages\/2\/revisions\/1807"}],"wp:attachment":[{"href":"https:\/\/rafaelnogueira.net.br\/website-main\/wp-json\/wp\/v2\/media?parent=2"}],"curies":[{"name":"wp","href":"https:\/\/api.w.org\/{rel}","templated":true}]}}